{"id":26611,"date":"2023-01-27T04:13:18","date_gmt":"2023-01-27T04:13:18","guid":{"rendered":"https:\/\/modin3d.com\/?page_id=26611"},"modified":"2023-02-06T04:23:02","modified_gmt":"2023-02-06T04:23:02","slug":"impresion-3d","status":"publish","type":"page","link":"https:\/\/modin3d.com\/index.php\/impresion-3d\/","title":{"rendered":"IMPRESI\u00d3N 3D"},"content":{"rendered":"\n<div class=\"wp-block-uagb-container uagb-block-16795431 alignfull uagb-is-root-container\"><div class=\"uagb-container-inner-blocks-wrap\">\n<h2 class=\"has-text-align-center has-white-color has-ast-global-color-1-background-color has-text-color has-background\" style=\"margin-top:0;margin-right:0;margin-bottom:0;margin-left:0;padding-top:var(--wp--preset--spacing--30);padding-right:var(--wp--preset--spacing--30);padding-bottom:var(--wp--preset--spacing--30);padding-left:var(--wp--preset--spacing--30)\">IMPRESI\u00d3N 3D<\/h2>\n\n\n\n<div class=\"wp-block-uagb-info-box uagb-block-1c0f44ec uagb-infobox__content-wrap  uagb-infobox-icon-above-title uagb-infobox-image-valign-top\"><div class=\"uagb-ifb-content\"><div class=\"uagb-ifb-title-wrap\"><\/div><p class=\"uagb-ifb-desc\">\u00a1Bienvenido a la revoluci\u00f3n de la impresi\u00f3n 3D! <br><br>Nos dedicamos a brindar soluciones personalizadas que le permitan transformar sus ideas en realidad. Con la tecnolog\u00eda m\u00e1s avanzada en impresoras 3D y un equipo de expertos a su disposici\u00f3n, no hay l\u00edmites para lo que puede lograr. Ya sea que necesite crear un prototipo r\u00e1pido, producir piezas en masa o explorar nuevos dise\u00f1os, estamos aqu\u00ed para ayudarlo a alcanzar sus metas. \u00a1No espere m\u00e1s y experimente la transformaci\u00f3n que la impresi\u00f3n 3D puede brindar a su proceso de producci\u00f3n y negocio!<br><br>La impresi\u00f3n 3D es desde hace tiempo un proceso de fabricaci\u00f3n viable junto con los modos de producci\u00f3n tradicionales. La impresi\u00f3n 3D permite reducir costes y plazos de entrega en lotes peque\u00f1os, piezas \u00fanicas y prototipos funcionales.<\/p><\/div><\/div>\n\n\n\n<figure class=\"wp-block-image aligncenter size-full is-resized has-custom-border is-style-default\"><img decoding=\"async\" loading=\"lazy\" src=\"https:\/\/modin3d.com\/wp-content\/uploads\/2023\/01\/IMPRESION-3D-MECANICA-1024x614.png\" alt=\"\" class=\"wp-image-26577\" style=\"border-width:3px;border-radius:14px\" width=\"839\" height=\"503\" srcset=\"https:\/\/modin3d.com\/wp-content\/uploads\/2023\/01\/IMPRESION-3D-MECANICA-1024x614.png 1024w, https:\/\/modin3d.com\/wp-content\/uploads\/2023\/01\/IMPRESION-3D-MECANICA-300x180.png 300w, https:\/\/modin3d.com\/wp-content\/uploads\/2023\/01\/IMPRESION-3D-MECANICA-768x461.png 768w, https:\/\/modin3d.com\/wp-content\/uploads\/2023\/01\/IMPRESION-3D-MECANICA.png 1085w\" sizes=\"(max-width: 839px) 100vw, 839px\" \/><\/figure>\n\n\n\n<div class=\"wp-block-uagb-info-box uagb-block-f617588c uagb-infobox__content-wrap  uagb-infobox-icon-above-title uagb-infobox-image-valign-top\"><div class=\"uagb-ifb-content\"><div class=\"uagb-ifb-title-wrap\"><\/div><p class=\"uagb-ifb-desc\">La impresi\u00f3n 3D es un proceso de fabricaci\u00f3n en el que se crean objetos tridimensionales a partir de un dise\u00f1o digital. El proceso funciona alimentando material en una impresora 3D, que luego construye la pieza capa por capa hasta obtener el producto final. La impresi\u00f3n 3D se utiliza en una amplia gama de industrias, desde la producci\u00f3n de prototipos y piezas peque\u00f1as hasta la producci\u00f3n en masa de productos finales. Adem\u00e1s, esta tecnolog\u00eda ofrece la flexibilidad de crear dise\u00f1os complejos que ser\u00edan dif\u00edciles o imposibles de producir mediante otros m\u00e9todos de fabricaci\u00f3n. La impresi\u00f3n 3D es una herramienta valiosa para la innovaci\u00f3n y la optimizaci\u00f3n de procesos en la industria, y est\u00e1 transformando la forma en que se produce y se fabrican los productos.<br><br>Las ventajas m\u00e1s importantes de la impresi\u00f3n 3D incluyen:<br><br>1.- Prototipado r\u00e1pido: La impresi\u00f3n 3D permite la creaci\u00f3n de prototipos en un corto per\u00edodo de tiempo, lo que reduce los tiempos de desarrollo y mejora la eficiencia del proceso.<br>2.- Dise\u00f1os complejos: La impresi\u00f3n 3D permite la creaci\u00f3n de dise\u00f1os complejos y personalizados que ser\u00edan dif\u00edciles o imposibles de producir mediante otros m\u00e9todos de fabricaci\u00f3n.<br>3.- Flexibilidad en la producci\u00f3n: La impresi\u00f3n 3D permite la producci\u00f3n de piezas en masa o individuales con la misma facilidad, lo que brinda una gran flexibilidad en la producci\u00f3n.<br>4.- Ahorro de costos: La impresi\u00f3n 3D puede reducir los costos de producci\u00f3n al eliminar la necesidad de moldes y herramientas costosas, as\u00ed como tambi\u00e9n permitir la producci\u00f3n de piezas individuales en lugar de la producci\u00f3n en masa requerida en otros m\u00e9todos de fabricaci\u00f3n.<br>5.- Mejora en la eficiencia y efectividad: La impresi\u00f3n 3D puede mejorar la eficiencia y efectividad de los procesos de producci\u00f3n al reducir los tiempos de desarrollo y permitir la producci\u00f3n de piezas con mayor precisi\u00f3n.<br>6.- Innovaci\u00f3n y personalizaci\u00f3n: La impresi\u00f3n 3D permite la innovaci\u00f3n y la personalizaci\u00f3n de productos, lo que mejora la experiencia del usuario y brinda una ventaja competitiva en el mercado.<\/p><\/div><\/div>\n<\/div><\/div>\n\n\n\n<div class=\"wp-block-uagb-container uagb-block-880e6ee6 alignfull uagb-is-root-container\"><div class=\"uagb-container-inner-blocks-wrap\"><\/div><\/div>\n","protected":false},"excerpt":{"rendered":"","protected":false},"author":1,"featured_media":0,"parent":0,"menu_order":0,"comment_status":"closed","ping_status":"closed","template":"","meta":{"_uag_custom_page_level_css":"","site-sidebar-layout":"no-sidebar","site-content-layout":"plain-container","ast-global-header-display":"","ast-main-header-display":"","ast-hfb-above-header-display":"","ast-hfb-below-header-display":"","ast-hfb-mobile-header-display":"","site-post-title":"disabled","ast-breadcrumbs-content":"","ast-featured-img":"disabled","footer-sml-layout":"","theme-transparent-header-meta":"enabled","adv-header-id-meta":"","stick-header-meta":"","header-above-stick-meta":"","header-main-stick-meta":"","header-below-stick-meta":""},"uagb_featured_image_src":{"full":false,"thumbnail":false,"medium":false,"medium_large":false,"large":false,"1536x1536":false,"2048x2048":false},"uagb_author_info":{"display_name":"gilberto.ph92","author_link":"https:\/\/modin3d.com\/index.php\/author\/gilberto-ph92\/"},"uagb_comment_info":0,"uagb_excerpt":null,"_links":{"self":[{"href":"https:\/\/modin3d.com\/index.php\/wp-json\/wp\/v2\/pages\/26611"}],"collection":[{"href":"https:\/\/modin3d.com\/index.php\/wp-json\/wp\/v2\/pages"}],"about":[{"href":"https:\/\/modin3d.com\/index.php\/wp-json\/wp\/v2\/types\/page"}],"author":[{"embeddable":true,"href":"https:\/\/modin3d.com\/index.php\/wp-json\/wp\/v2\/users\/1"}],"replies":[{"embeddable":true,"href":"https:\/\/modin3d.com\/index.php\/wp-json\/wp\/v2\/comments?post=26611"}],"version-history":[{"count":11,"href":"https:\/\/modin3d.com\/index.php\/wp-json\/wp\/v2\/pages\/26611\/revisions"}],"predecessor-version":[{"id":26792,"href":"https:\/\/modin3d.com\/index.php\/wp-json\/wp\/v2\/pages\/26611\/revisions\/26792"}],"wp:attachment":[{"href":"https:\/\/modin3d.com\/index.php\/wp-json\/wp\/v2\/media?parent=26611"}],"curies":[{"name":"wp","href":"https:\/\/api.w.org\/{rel}","templated":true}]}}