{"id":26609,"date":"2023-01-27T04:12:57","date_gmt":"2023-01-27T04:12:57","guid":{"rendered":"https:\/\/modin3d.com\/?page_id=26609"},"modified":"2023-02-06T04:07:28","modified_gmt":"2023-02-06T04:07:28","slug":"optimizacion","status":"publish","type":"page","link":"https:\/\/modin3d.com\/index.php\/optimizacion\/","title":{"rendered":"OPTIMIZACI\u00d3N"},"content":{"rendered":"\n<div class=\"wp-block-uagb-container uagb-block-5891f7d2 alignfull uagb-is-root-container\"><div class=\"uagb-container-inner-blocks-wrap\">\n<h2 class=\"has-text-align-center has-white-color has-ast-global-color-1-background-color has-text-color has-background\" style=\"margin-top:0;margin-right:0;margin-bottom:0;margin-left:0;padding-top:var(--wp--preset--spacing--30);padding-right:var(--wp--preset--spacing--30);padding-bottom:var(--wp--preset--spacing--30);padding-left:var(--wp--preset--spacing--30)\">OPTIMIZACI\u00d3N<\/h2>\n\n\n\n<div class=\"wp-block-uagb-info-box uagb-block-ecf33817 uagb-infobox__content-wrap  uagb-infobox-icon-above-title uagb-infobox-image-valign-top\"><div class=\"uagb-ifb-content\"><div class=\"uagb-ifb-title-wrap\"><\/div><p class=\"uagb-ifb-desc\">En MODIN 3D ofrecemos la optimizaci\u00f3n de piezas mec\u00e1nicas que es posible fueron dise\u00f1adas para funcionar en las \u201cpeores situaciones\u201d y con esto no sean los mejores dise\u00f1os para su entorno en la vida real. Para cumplir con los requisitos de seguridad y fuerza, es posible que est\u00e9n dise\u00f1ados en exceso y sean demasiado pesados para sus prop\u00f3sitos, o bien demasiado dif\u00edciles y costosos de fabricar. MODIN 3D ofrece la opci\u00f3n de optimizar la pieza considerando el entorno de funcionamiento actual (fuerzas, condiciones externas), costo de fabricaci\u00f3n, vida \u00fatil, peso, facilidad para su montaje.<\/p><\/div><\/div>\n\n\n\n<figure class=\"wp-block-image aligncenter size-full has-custom-border is-style-default\"><img decoding=\"async\" loading=\"lazy\" width=\"840\" height=\"414\" src=\"https:\/\/modin3d.com\/wp-content\/uploads\/2023\/01\/optimizacion-de-pieza-mecanica.png\" alt=\"\" class=\"wp-image-26574\" style=\"border-width:3px;border-radius:14px\" srcset=\"https:\/\/modin3d.com\/wp-content\/uploads\/2023\/01\/optimizacion-de-pieza-mecanica.png 840w, https:\/\/modin3d.com\/wp-content\/uploads\/2023\/01\/optimizacion-de-pieza-mecanica-300x148.png 300w, https:\/\/modin3d.com\/wp-content\/uploads\/2023\/01\/optimizacion-de-pieza-mecanica-768x379.png 768w\" sizes=\"(max-width: 840px) 100vw, 840px\" \/><\/figure>\n\n\n\n<div class=\"wp-block-uagb-info-box uagb-block-3912fa4a uagb-infobox__content-wrap  uagb-infobox-icon-above-title uagb-infobox-image-valign-top\"><div class=\"uagb-ifb-content\"><div class=\"uagb-ifb-title-wrap\"><\/div><p class=\"uagb-ifb-desc\">\u00a1Bienvenido a un mundo de innovaci\u00f3n y mejora en el rendimiento de las piezas mec\u00e1nicas! Aqu\u00ed, en nuestra p\u00e1gina web, ofrecemos un servicio \u00fanico de optimizaci\u00f3n mediante la modelaci\u00f3n 3D. \u00bfEst\u00e1 cansado de piezas mec\u00e1nicas que no cumplen con sus expectativas? \u00a1Deje que nuestra tecnolog\u00eda de vanguardia y experiencia en la industria lo ayuden a alcanzar un nuevo nivel de eficiencia y calidad! Gracias a nuestro proceso de modelaci\u00f3n 3D preciso, podemos identificar \u00e1reas de mejora y aplicar soluciones innovadoras para lograr resultados \u00f3ptimos. \u00a1No espere m\u00e1s y contacte con nosotros para saber c\u00f3mo podemos ayudarlo a alcanzar sus objetivos con sus piezas mec\u00e1nicas!<\/p><\/div><\/div>\n\n\n\n<figure class=\"wp-block-image aligncenter size-full is-resized has-custom-border is-style-default\"><img decoding=\"async\" loading=\"lazy\" src=\"https:\/\/modin3d.com\/wp-content\/uploads\/2023\/01\/OPTIMIZACION-MECANICA.png\" alt=\"\" class=\"wp-image-26760\" style=\"border-width:3px;border-radius:14px\" width=\"837\" height=\"516\" srcset=\"https:\/\/modin3d.com\/wp-content\/uploads\/2023\/01\/OPTIMIZACION-MECANICA.png 470w, https:\/\/modin3d.com\/wp-content\/uploads\/2023\/01\/OPTIMIZACION-MECANICA-300x184.png 300w\" sizes=\"(max-width: 837px) 100vw, 837px\" \/><\/figure>\n\n\n\n<div class=\"wp-block-uagb-info-box uagb-block-ad1013c8 uagb-infobox__content-wrap  uagb-infobox-icon-above-title uagb-infobox-image-valign-top\"><div class=\"uagb-ifb-content\"><div class=\"uagb-ifb-title-wrap\"><h3 class=\"uagb-ifb-title\">Que ofrecemos:<\/h3><\/div><p class=\"uagb-ifb-desc\">1.- An\u00e1lisis de piezas mec\u00e1nicas existentes para identificar \u00e1reas de mejora.<br>2.- Creaci\u00f3n de modelos 3D precisos y detallados de las piezas mec\u00e1nicas.<br>3.- Simulaci\u00f3n y pruebas virtuales para optimizar el rendimiento y la eficiencia de las piezas mec\u00e1nicas.<br>4.- Identificaci\u00f3n y aplicaci\u00f3n de soluciones innovadoras para mejorar la calidad y el rendimiento de las piezas mec\u00e1nicas.<br>5.- Comunicaci\u00f3n continua con el cliente para garantizar que sus objetivos y necesidades se cumplan.<br>6.- Entrega de un informe completo que incluya resultados y recomendaciones para mejorar las piezas mec\u00e1nicas.<br><br>Nos esforzamos por brindar un servicio personalizado y eficiente a nuestros clientes, utilizando tecnolog\u00edas y t\u00e9cnicas de modelaci\u00f3n 3D avanzadas para garantizar resultados \u00f3ptimos. \u00a1Cont\u00e1ctenos para saber c\u00f3mo podemos ayudarlo a mejorar sus piezas mec\u00e1nicas!<\/p><\/div><\/div>\n<\/div><\/div>\n\n\n\n<div class=\"wp-block-uagb-container uagb-block-2b5e6317 alignfull uagb-is-root-container\"><div class=\"uagb-container-inner-blocks-wrap\"><\/div><\/div>\n","protected":false},"excerpt":{"rendered":"","protected":false},"author":1,"featured_media":0,"parent":0,"menu_order":0,"comment_status":"closed","ping_status":"closed","template":"","meta":{"_uag_custom_page_level_css":"","site-sidebar-layout":"no-sidebar","site-content-layout":"plain-container","ast-global-header-display":"","ast-main-header-display":"","ast-hfb-above-header-display":"","ast-hfb-below-header-display":"","ast-hfb-mobile-header-display":"","site-post-title":"disabled","ast-breadcrumbs-content":"","ast-featured-img":"disabled","footer-sml-layout":"","theme-transparent-header-meta":"enabled","adv-header-id-meta":"","stick-header-meta":"","header-above-stick-meta":"","header-main-stick-meta":"","header-below-stick-meta":""},"uagb_featured_image_src":{"full":false,"thumbnail":false,"medium":false,"medium_large":false,"large":false,"1536x1536":false,"2048x2048":false},"uagb_author_info":{"display_name":"gilberto.ph92","author_link":"https:\/\/modin3d.com\/index.php\/author\/gilberto-ph92\/"},"uagb_comment_info":0,"uagb_excerpt":null,"_links":{"self":[{"href":"https:\/\/modin3d.com\/index.php\/wp-json\/wp\/v2\/pages\/26609"}],"collection":[{"href":"https:\/\/modin3d.com\/index.php\/wp-json\/wp\/v2\/pages"}],"about":[{"href":"https:\/\/modin3d.com\/index.php\/wp-json\/wp\/v2\/types\/page"}],"author":[{"embeddable":true,"href":"https:\/\/modin3d.com\/index.php\/wp-json\/wp\/v2\/users\/1"}],"replies":[{"embeddable":true,"href":"https:\/\/modin3d.com\/index.php\/wp-json\/wp\/v2\/comments?post=26609"}],"version-history":[{"count":10,"href":"https:\/\/modin3d.com\/index.php\/wp-json\/wp\/v2\/pages\/26609\/revisions"}],"predecessor-version":[{"id":26785,"href":"https:\/\/modin3d.com\/index.php\/wp-json\/wp\/v2\/pages\/26609\/revisions\/26785"}],"wp:attachment":[{"href":"https:\/\/modin3d.com\/index.php\/wp-json\/wp\/v2\/media?parent=26609"}],"curies":[{"name":"wp","href":"https:\/\/api.w.org\/{rel}","templated":true}]}}