{"id":26607,"date":"2023-01-27T04:12:27","date_gmt":"2023-01-27T04:12:27","guid":{"rendered":"https:\/\/modin3d.com\/?page_id=26607"},"modified":"2023-02-06T04:06:59","modified_gmt":"2023-02-06T04:06:59","slug":"generacion-de-prototipos","status":"publish","type":"page","link":"https:\/\/modin3d.com\/index.php\/generacion-de-prototipos\/","title":{"rendered":"GENERACI\u00d3N DE PROTOTIPOS"},"content":{"rendered":"\n<div class=\"wp-block-uagb-container uagb-block-5759e6c8 alignfull uagb-is-root-container\"><div class=\"uagb-container-inner-blocks-wrap\">\n<h2 class=\"has-text-align-center has-white-color has-ast-global-color-1-background-color has-text-color has-background\" style=\"margin-top:0;margin-right:0;margin-bottom:0;margin-left:0;padding-top:var(--wp--preset--spacing--30);padding-right:var(--wp--preset--spacing--30);padding-bottom:var(--wp--preset--spacing--30);padding-left:var(--wp--preset--spacing--30)\">GENERACI\u00d3N DE PROTOTIPOS<\/h2>\n\n\n\n<div class=\"wp-block-uagb-info-box uagb-block-bbd7e385 uagb-infobox__content-wrap  uagb-infobox-icon-above-title uagb-infobox-image-valign-top\"><div class=\"uagb-ifb-content\"><div class=\"uagb-ifb-title-wrap\"><\/div><p class=\"uagb-ifb-desc\">Ofrecemos servicios de generaci\u00f3n de prototipos mec\u00e1nicos de vanguardia que revolucionar\u00e1n su proceso de dise\u00f1o y fabricaci\u00f3n.<br><br>Somos un equipo de expertos en ingenier\u00eda mec\u00e1nica y utilizamos las tecnolog\u00edas m\u00e1s avanzadas para brindar soluciones personalizadas y ajustadas a sus necesidades. Desde la creaci\u00f3n de prototipos virtuales en 3D hasta la fabricaci\u00f3n de prototipos f\u00edsicos de alta calidad, estamos aqu\u00ed para ayudarlo a llevar sus ideas a la vida.<br><br>No m\u00e1s esperas interminables y procesos de prototipado costosos. Con nuestros servicios de generaci\u00f3n de prototipos mec\u00e1nicos en 3D, obtendr\u00e1 resultados r\u00e1pidos y precisos que le permitir\u00e1n tomar decisiones informadas sobre su proyecto.<br><br>As\u00ed que \u00bfest\u00e1 listo para entrar en la era de los prototipos mec\u00e1nicos en 3D y revolucionar su proceso de dise\u00f1o y fabricaci\u00f3n? \u00a1Cont\u00e1ctenos hoy mismo para obtener m\u00e1s informaci\u00f3n y para ver c\u00f3mo podemos ayudarlo a llevar su proyecto al siguiente nivel!<\/p><\/div><\/div>\n\n\n\n<figure class=\"wp-block-image aligncenter size-full is-resized has-custom-border is-style-default\"><img decoding=\"async\" loading=\"lazy\" src=\"https:\/\/modin3d.com\/wp-content\/uploads\/2023\/01\/GRIPER-1-1024x661.png\" alt=\"\" class=\"wp-image-26571\" style=\"border-width:3px;border-radius:14px\" width=\"793\" height=\"511\" srcset=\"https:\/\/modin3d.com\/wp-content\/uploads\/2023\/01\/GRIPER-1-1024x661.png 1024w, https:\/\/modin3d.com\/wp-content\/uploads\/2023\/01\/GRIPER-1-300x194.png 300w, https:\/\/modin3d.com\/wp-content\/uploads\/2023\/01\/GRIPER-1-768x496.png 768w, https:\/\/modin3d.com\/wp-content\/uploads\/2023\/01\/GRIPER-1.png 1094w\" sizes=\"(max-width: 793px) 100vw, 793px\" \/><\/figure>\n\n\n\n<div class=\"wp-block-uagb-info-box uagb-block-ac40b140 uagb-infobox__content-wrap  uagb-infobox-icon-above-title uagb-infobox-image-valign-top\"><div class=\"uagb-ifb-content\"><div class=\"uagb-ifb-title-wrap\"><h3 class=\"uagb-ifb-title\">Que ofrecemos:<\/h3><\/div><p class=\"uagb-ifb-desc\">1.- Modelado 3D de maquinaria y mecanismos<br>2.- An\u00e1lisis de ingenier\u00eda y validaci\u00f3n de dise\u00f1o<br>3.- Impresi\u00f3n 3D de prototipos de alta calidad<br>4.- Fabricaci\u00f3n de piezas personalizadas y de producci\u00f3n en masa<br>5.- Servicios de prototipado r\u00e1pido y asequibles<br>6.- Asesoramiento y consultor\u00eda en el proceso de dise\u00f1o<br>7.- Dise\u00f1o y mejora de productos existentes<br>8.- Integraci\u00f3n con software CAD y herramientas de dise\u00f1o<br>9.- Servicios de post-procesamiento, como acabado y pulido<br>10.- Entrega r\u00e1pida y servicio al cliente eficiente.<\/p><\/div><\/div>\n\n\n\n<figure class=\"wp-block-image aligncenter size-full is-resized has-custom-border is-style-default\"><img decoding=\"async\" loading=\"lazy\" src=\"https:\/\/modin3d.com\/wp-content\/uploads\/2023\/01\/SHREDDER-3-1024x559.png\" alt=\"\" class=\"wp-image-26756\" style=\"border-width:3px;border-radius:14px\" width=\"793\" height=\"511\"\/><\/figure>\n<\/div><\/div>\n\n\n\n<div class=\"wp-block-uagb-container uagb-block-c93e4673 alignfull uagb-is-root-container\"><div class=\"uagb-container-inner-blocks-wrap\"><\/div><\/div>\n","protected":false},"excerpt":{"rendered":"","protected":false},"author":1,"featured_media":0,"parent":0,"menu_order":0,"comment_status":"closed","ping_status":"closed","template":"","meta":{"_uag_custom_page_level_css":"","site-sidebar-layout":"no-sidebar","site-content-layout":"plain-container","ast-global-header-display":"","ast-main-header-display":"","ast-hfb-above-header-display":"","ast-hfb-below-header-display":"","ast-hfb-mobile-header-display":"","site-post-title":"disabled","ast-breadcrumbs-content":"","ast-featured-img":"disabled","footer-sml-layout":"","theme-transparent-header-meta":"enabled","adv-header-id-meta":"","stick-header-meta":"","header-above-stick-meta":"","header-main-stick-meta":"","header-below-stick-meta":""},"uagb_featured_image_src":{"full":false,"thumbnail":false,"medium":false,"medium_large":false,"large":false,"1536x1536":false,"2048x2048":false},"uagb_author_info":{"display_name":"gilberto.ph92","author_link":"https:\/\/modin3d.com\/index.php\/author\/gilberto-ph92\/"},"uagb_comment_info":0,"uagb_excerpt":null,"_links":{"self":[{"href":"https:\/\/modin3d.com\/index.php\/wp-json\/wp\/v2\/pages\/26607"}],"collection":[{"href":"https:\/\/modin3d.com\/index.php\/wp-json\/wp\/v2\/pages"}],"about":[{"href":"https:\/\/modin3d.com\/index.php\/wp-json\/wp\/v2\/types\/page"}],"author":[{"embeddable":true,"href":"https:\/\/modin3d.com\/index.php\/wp-json\/wp\/v2\/users\/1"}],"replies":[{"embeddable":true,"href":"https:\/\/modin3d.com\/index.php\/wp-json\/wp\/v2\/comments?post=26607"}],"version-history":[{"count":9,"href":"https:\/\/modin3d.com\/index.php\/wp-json\/wp\/v2\/pages\/26607\/revisions"}],"predecessor-version":[{"id":26784,"href":"https:\/\/modin3d.com\/index.php\/wp-json\/wp\/v2\/pages\/26607\/revisions\/26784"}],"wp:attachment":[{"href":"https:\/\/modin3d.com\/index.php\/wp-json\/wp\/v2\/media?parent=26607"}],"curies":[{"name":"wp","href":"https:\/\/api.w.org\/{rel}","templated":true}]}}