{"id":25403,"date":"2020-09-16T05:09:06","date_gmt":"2020-09-16T05:09:06","guid":{"rendered":"https:\/\/modin3d.com\/index.php\/all-courses\/"},"modified":"2023-02-15T05:30:07","modified_gmt":"2023-02-15T05:30:07","slug":"servicios","status":"publish","type":"page","link":"https:\/\/modin3d.com\/index.php\/servicios\/","title":{"rendered":"SERVICIOS"},"content":{"rendered":"\n<div class=\"wp-block-uagb-container uagb-block-97ce922e alignfull uagb-is-root-container\"><div class=\"uagb-container-inner-blocks-wrap\">\n<h2 class=\"wp-elements-1b4a9c16cde86826446524e24cd089aa has-text-align-center has-white-color has-ast-global-color-1-background-color has-text-color has-background has-link-color\" style=\"margin-top:0;margin-right:0;margin-bottom:0;margin-left:0;padding-top:var(--wp--preset--spacing--30);padding-right:var(--wp--preset--spacing--30);padding-bottom:var(--wp--preset--spacing--30);padding-left:var(--wp--preset--spacing--30)\"><a href=\"https:\/\/modin3d.com\/index.php\/modelado-3d\/\">MODELADO 3D<\/a><\/h2>\n\n\n\n<div class=\"wp-block-uagb-info-box uagb-block-d7e843ee uagb-infobox__content-wrap  uagb-infobox-icon-above-title uagb-infobox-image-valign-top\"><div class=\"uagb-ifb-content\"><div class=\"uagb-ifb-title-wrap\"><\/div><p class=\"uagb-ifb-desc\">Ofrecemos modelado 3D donde tus ideas se hacen realidad. Modelamos sobre dibujos, bocetos, im\u00e1genes, o prototipos, asegurando la fabricaci\u00f3n de la pieza o conjunto de piezas y analizando el material de fabricaci\u00f3n, su peso, espesor, ensamble o cualquier necesidad dimensional o funcional que el cliente solicite.<\/p><\/div><\/div>\n\n\n\n<figure class=\"wp-block-image aligncenter size-full has-custom-border is-style-default\"><img decoding=\"async\" loading=\"lazy\" width=\"813\" height=\"543\" src=\"https:\/\/modin3d.com\/wp-content\/uploads\/2023\/01\/ENGRANE-3.png\" alt=\"\" class=\"wp-image-26562\" style=\"border-width:3px;border-radius:14px\" srcset=\"https:\/\/modin3d.com\/wp-content\/uploads\/2023\/01\/ENGRANE-3.png 813w, https:\/\/modin3d.com\/wp-content\/uploads\/2023\/01\/ENGRANE-3-300x200.png 300w, https:\/\/modin3d.com\/wp-content\/uploads\/2023\/01\/ENGRANE-3-768x513.png 768w\" sizes=\"(max-width: 813px) 100vw, 813px\" \/><\/figure>\n\n\n\n<h2 class=\"wp-elements-1c428ec3fc6dbdc59f40105a412edc9d has-text-align-center has-white-color has-ast-global-color-1-background-color has-text-color has-background has-link-color\" style=\"margin-top:0;margin-right:0;margin-bottom:0;margin-left:0;padding-top:var(--wp--preset--spacing--30);padding-right:var(--wp--preset--spacing--30);padding-bottom:var(--wp--preset--spacing--30);padding-left:var(--wp--preset--spacing--30)\"><a href=\"https:\/\/modin3d.com\/index.php\/ingenieria-inversa\/\">INGENIER\u00cdA INVERSA<\/a><\/h2>\n\n\n\n<div class=\"wp-block-uagb-info-box uagb-block-29fc67d7 uagb-infobox__content-wrap  uagb-infobox-icon-above-title uagb-infobox-image-valign-top\"><div class=\"uagb-ifb-content\"><div class=\"uagb-ifb-title-wrap\"><\/div><p class=\"uagb-ifb-desc\">Se ofrece la ingenier\u00eda inversa que consiste en tomar piezas y conjuntos de piezas existentes y crear modelos CAD y planos detallados con tolerancias.&nbsp; La necesidad suele surgir cuando una empresa desea realizar mejoras en un dise\u00f1o externo existente o no dispone de documentaci\u00f3n de dise\u00f1o suficiente (CAD y planos) para dise\u00f1os internos o que requieren datos CAD para m\u00e9todos de fabricaci\u00f3n modernos.<br>Los datos 3D que se recopilan y modelan en CAD se pueden utilizar para solucionar problemas, reproducir, estudiar, analizar, inspeccionar o se pueden aplicar a otras aplicaciones futuras o mejoras de productos. Los modelos CAD en 3D pueden actualizarse f\u00e1cilmente en funci\u00f3n de los cambios en el dise\u00f1o del producto y\/o en el dise\u00f1o de herramientas o matrices.<\/p><\/div><\/div>\n\n\n\n<figure class=\"wp-block-image aligncenter size-full is-resized has-custom-border is-style-default\"><img decoding=\"async\" loading=\"lazy\" src=\"https:\/\/modin3d.com\/wp-content\/uploads\/2023\/01\/MAQUINA-DE-GRAPAS-3-1024x690.png\" alt=\"\" class=\"wp-image-26566\" style=\"border-width:3px;border-radius:14px\" width=\"793\" height=\"534\" srcset=\"https:\/\/modin3d.com\/wp-content\/uploads\/2023\/01\/MAQUINA-DE-GRAPAS-3-1024x690.png 1024w, https:\/\/modin3d.com\/wp-content\/uploads\/2023\/01\/MAQUINA-DE-GRAPAS-3-300x202.png 300w, https:\/\/modin3d.com\/wp-content\/uploads\/2023\/01\/MAQUINA-DE-GRAPAS-3-768x517.png 768w, https:\/\/modin3d.com\/wp-content\/uploads\/2023\/01\/MAQUINA-DE-GRAPAS-3.png 1223w\" sizes=\"(max-width: 793px) 100vw, 793px\" \/><\/figure>\n\n\n\n<h2 class=\"wp-elements-fa1e6457df1789ba5464fdd2b62b0588 has-text-align-center has-white-color has-ast-global-color-1-background-color has-text-color has-background has-link-color\" style=\"margin-top:0;margin-right:0;margin-bottom:0;margin-left:0;padding-top:var(--wp--preset--spacing--30);padding-right:var(--wp--preset--spacing--30);padding-bottom:var(--wp--preset--spacing--30);padding-left:var(--wp--preset--spacing--30)\"><a href=\"https:\/\/modin3d.com\/index.php\/generacion-de-prototipos\/\">GENERACI\u00d3N DE PROTOTIPOS<\/a><\/h2>\n\n\n\n<div class=\"wp-block-uagb-info-box uagb-block-5107a270 uagb-infobox__content-wrap  uagb-infobox-icon-above-title uagb-infobox-image-valign-top\"><div class=\"uagb-ifb-content\"><div class=\"uagb-ifb-title-wrap\"><\/div><p class=\"uagb-ifb-desc\">La mejor forma de reducir tiempo y costes a la hora de probar un sistema, dispositivo o pieza mec\u00e1nica es mediante prototipos de calidad, que respondan fielmente al producto y representen con exactitud las caracter\u00edsticas, funcionalidad y prestaciones del producto final.<\/p><\/div><\/div>\n\n\n\n<figure class=\"wp-block-image aligncenter size-full is-resized has-custom-border is-style-default\"><img decoding=\"async\" loading=\"lazy\" src=\"https:\/\/modin3d.com\/wp-content\/uploads\/2023\/01\/GRIPER-1-1024x661.png\" alt=\"\" class=\"wp-image-26571\" style=\"border-width:3px;border-radius:14px\" width=\"793\" height=\"511\" srcset=\"https:\/\/modin3d.com\/wp-content\/uploads\/2023\/01\/GRIPER-1-1024x661.png 1024w, https:\/\/modin3d.com\/wp-content\/uploads\/2023\/01\/GRIPER-1-300x194.png 300w, https:\/\/modin3d.com\/wp-content\/uploads\/2023\/01\/GRIPER-1-768x496.png 768w, https:\/\/modin3d.com\/wp-content\/uploads\/2023\/01\/GRIPER-1.png 1094w\" sizes=\"(max-width: 793px) 100vw, 793px\" \/><\/figure>\n\n\n\n<h2 class=\"wp-elements-76e3f4b54c1195f3d990c7ebe5a1605a has-text-align-center has-white-color has-ast-global-color-1-background-color has-text-color has-background has-link-color\" style=\"margin-top:0;margin-right:0;margin-bottom:0;margin-left:0;padding-top:var(--wp--preset--spacing--30);padding-right:var(--wp--preset--spacing--30);padding-bottom:var(--wp--preset--spacing--30);padding-left:var(--wp--preset--spacing--30)\"><a href=\"https:\/\/modin3d.com\/index.php\/optimizacion\/\">OPTIMIZACI\u00d3N<\/a><\/h2>\n\n\n\n<div class=\"wp-block-uagb-info-box uagb-block-fde9a0b0 uagb-infobox__content-wrap  uagb-infobox-icon-above-title uagb-infobox-image-valign-top\"><div class=\"uagb-ifb-content\"><div class=\"uagb-ifb-title-wrap\"><\/div><p class=\"uagb-ifb-desc\">En MODIN 3D ofrecemos la optimizaci\u00f3n de piezas mec\u00e1nicas que es posible fueron dise\u00f1adas para funcionar en las \u201cpeores situaciones\u201d y con esto no sean los mejores dise\u00f1os para su entorno en la vida real. Para cumplir con los requisitos de seguridad y fuerza, es posible que est\u00e9n dise\u00f1ados en exceso y sean demasiado pesados para sus prop\u00f3sitos, o bien demasiado dif\u00edciles y costosos de fabricar. MODIN 3D ofrece la opci\u00f3n de optimizar la pieza considerando el entorno de funcionamiento actual (fuerzas, condiciones externas), costo de fabricaci\u00f3n, vida \u00fatil, peso, facilidad para su montaje.<\/p><\/div><\/div>\n\n\n\n<figure class=\"wp-block-image aligncenter size-full has-custom-border is-style-default\"><img decoding=\"async\" loading=\"lazy\" width=\"840\" height=\"414\" src=\"https:\/\/modin3d.com\/wp-content\/uploads\/2023\/01\/optimizacion-de-pieza-mecanica.png\" alt=\"\" class=\"wp-image-26574\" style=\"border-width:3px;border-radius:14px\" srcset=\"https:\/\/modin3d.com\/wp-content\/uploads\/2023\/01\/optimizacion-de-pieza-mecanica.png 840w, https:\/\/modin3d.com\/wp-content\/uploads\/2023\/01\/optimizacion-de-pieza-mecanica-300x148.png 300w, https:\/\/modin3d.com\/wp-content\/uploads\/2023\/01\/optimizacion-de-pieza-mecanica-768x379.png 768w\" sizes=\"(max-width: 840px) 100vw, 840px\" \/><\/figure>\n\n\n\n<h2 class=\"wp-elements-eaa979ec67c42a32f625e95351adf31e has-text-align-center has-white-color has-ast-global-color-1-background-color has-text-color has-background has-link-color\" style=\"margin-top:0;margin-right:0;margin-bottom:0;margin-left:0;padding-top:var(--wp--preset--spacing--30);padding-right:var(--wp--preset--spacing--30);padding-bottom:var(--wp--preset--spacing--30);padding-left:var(--wp--preset--spacing--30)\"><a href=\"https:\/\/modin3d.com\/index.php\/impresion-3d\/\">IMPRESI\u00d3N 3D<\/a><\/h2>\n\n\n\n<div class=\"wp-block-uagb-info-box uagb-block-01754d40 uagb-infobox__content-wrap  uagb-infobox-icon-above-title uagb-infobox-image-valign-top\"><div class=\"uagb-ifb-content\"><div class=\"uagb-ifb-title-wrap\"><\/div><p class=\"uagb-ifb-desc\">La impresi\u00f3n 3D es desde hace tiempo un proceso de fabricaci\u00f3n viable junto con los modos de producci\u00f3n tradicionales. La impresi\u00f3n 3D permite reducir costes y plazos de entrega en lotes peque\u00f1os, piezas \u00fanicas y prototipos funcionales.<\/p><\/div><\/div>\n\n\n\n<figure class=\"wp-block-image aligncenter size-full is-resized has-custom-border is-style-default\"><img decoding=\"async\" loading=\"lazy\" src=\"https:\/\/modin3d.com\/wp-content\/uploads\/2023\/01\/IMPRESION-3D-MECANICA-1024x614.png\" alt=\"\" class=\"wp-image-26577\" style=\"border-width:3px;border-radius:14px\" width=\"839\" height=\"503\" srcset=\"https:\/\/modin3d.com\/wp-content\/uploads\/2023\/01\/IMPRESION-3D-MECANICA-1024x614.png 1024w, https:\/\/modin3d.com\/wp-content\/uploads\/2023\/01\/IMPRESION-3D-MECANICA-300x180.png 300w, https:\/\/modin3d.com\/wp-content\/uploads\/2023\/01\/IMPRESION-3D-MECANICA-768x461.png 768w, https:\/\/modin3d.com\/wp-content\/uploads\/2023\/01\/IMPRESION-3D-MECANICA.png 1085w\" sizes=\"(max-width: 839px) 100vw, 839px\" \/><\/figure>\n\n\n\n<h2 class=\"wp-elements-24ab2e260ece64204846899e26b82924 has-text-align-center has-white-color has-ast-global-color-1-background-color has-text-color has-background has-link-color\" style=\"margin-top:0;margin-right:0;margin-bottom:0;margin-left:0;padding-top:var(--wp--preset--spacing--30);padding-right:var(--wp--preset--spacing--30);padding-bottom:var(--wp--preset--spacing--30);padding-left:var(--wp--preset--spacing--30)\"><a href=\"https:\/\/modin3d.com\/index.php\/analisis-mecanico-utilizando-el-metodo-del-elemento-finito\/\">AN\u00c1LISIS MEC\u00c1NICO UTILIZANDO EL M\u00c9TODO DEL ELEMENTO FINITO (MEF).<\/a><\/h2>\n\n\n\n<div class=\"wp-block-uagb-info-box uagb-block-c7b74aba uagb-infobox__content-wrap  uagb-infobox-icon-above-title uagb-infobox-image-valign-top\"><div class=\"uagb-ifb-content\"><div class=\"uagb-ifb-title-wrap\"><\/div><p class=\"uagb-ifb-desc\">Ofrecemos simulaci\u00f3n y an\u00e1lisis de piezas o conjunto de piezas que est\u00e1n sometidas a condiciones externas (fuerzas, restricciones, condiciones ambientales, etc.) para asegurar o realizar modificaciones para segura que van a resistir de una manera segura los esfuerzos a los que esta sometido, nuestros expertos en an\u00e1lisis de elemento finito (FEA) te pueden ayudar.<br>Cada vez que se entregue un producto a un cliente se est\u00e1 comprometiendo a que funcionar\u00e1 de la forma indicada y que, de alguna manera, le facilitar\u00e1 la vida.<br><br>La simulaci\u00f3n y an\u00e1lisis de elemento finito consiste en dividir una pieza (componente, ensamble o espacio) en partes o elementos m\u00e1s peque\u00f1os unidos por un n\u00famero delimitado de nodos, de ah\u00ed el nombre de elemento finito. Esto permite que una computadora resuelva la f\u00edsica apropiada, utilizando m\u00e9todos num\u00e9ricos en cada peque\u00f1o elemento de manera individual y la interacci\u00f3n de estos resultados en los elementos contiguos unidos por estos nodos y as\u00ed hasta que analiza cada uno de los elementos. Mientras m\u00e1s n\u00fameros de elementos y nodos existan (es decir, mientras mayor sea el dominio a analizar) m\u00e1s recursos computacionales se requieren para resolver el problema y por ende, mayor tiempo se lleva el an\u00e1lisis. Es necesario tener las consideraciones correctas que representen la f\u00edsica que aplica y la cantidad de elementos que representen correctamente a nuestro objeto de estudio.<\/p><\/div><\/div>\n\n\n\n<div class=\"wp-block-uagb-info-box uagb-block-7ef21810 uagb-infobox__content-wrap  uagb-infobox-icon-above-title uagb-infobox-image-valign-top\"><div class=\"uagb-ifb-content\"><div class=\"uagb-ifb-title-wrap\"><h3 class=\"uagb-ifb-title\">An\u00e1lisis FEA y su aplicaci\u00f3n en la industria<\/h3><\/div><p class=\"uagb-ifb-desc\">An\u00e1lisis FEA es un m\u00e9todo num\u00e9rico que se utiliza para evaluar la resistencia, estabilidad y funcionamiento de un dise\u00f1o en la industria. Se basa en la simulaci\u00f3n de cargas y condiciones extremas para predecir c\u00f3mo un componente o sistema responder\u00e1 en el mundo real.<br>La aplicaci\u00f3n de An\u00e1lisis FEA se ha extendido en la industria en varios campos, incluyendo la aeroespacial, automotriz, de la construcci\u00f3n, el\u00e9ctrica, mec\u00e1nica y de la energ\u00eda. Por ejemplo, en la aeroespacial, se utiliza para evaluar la seguridad y eficiencia de los componentes de los aviones, mientras que en la automotriz, se utiliza para dise\u00f1ar componentes m\u00e1s ligeros y resistentes.<br>Adem\u00e1s, el An\u00e1lisis FEA tambi\u00e9n ha permitido a los ingenieros realizar simulaciones m\u00e1s precisas y detalladas, lo que les ha permitido mejorar la eficiencia y reducir los costos de producci\u00f3n. Por esta raz\u00f3n, muchas empresas han adoptado esta tecnolog\u00eda para mejorar sus procesos y productos.<\/p><\/div><\/div>\n\n\n\n<figure class=\"wp-block-image aligncenter size-full has-custom-border is-style-default\"><img decoding=\"async\" loading=\"lazy\" width=\"853\" height=\"513\" src=\"https:\/\/modin3d.com\/wp-content\/uploads\/2023\/01\/EJE.png\" alt=\"\" class=\"wp-image-26580\" style=\"border-width:3px;border-radius:14px\" srcset=\"https:\/\/modin3d.com\/wp-content\/uploads\/2023\/01\/EJE.png 853w, https:\/\/modin3d.com\/wp-content\/uploads\/2023\/01\/EJE-300x180.png 300w, https:\/\/modin3d.com\/wp-content\/uploads\/2023\/01\/EJE-768x462.png 768w\" sizes=\"(max-width: 853px) 100vw, 853px\" \/><\/figure>\n<\/div><\/div>\n\n\n\n<div class=\"wp-block-uagb-container uagb-block-608231c5 alignfull uagb-is-root-container\"><div class=\"uagb-container-inner-blocks-wrap\"><\/div><\/div>\n","protected":false},"excerpt":{"rendered":"","protected":false},"author":1,"featured_media":0,"parent":0,"menu_order":0,"comment_status":"closed","ping_status":"closed","template":"","meta":{"_uag_custom_page_level_css":"","site-sidebar-layout":"no-sidebar","site-content-layout":"plain-container","ast-global-header-display":"","ast-main-header-display":"","ast-hfb-above-header-display":"","ast-hfb-below-header-display":"","ast-hfb-mobile-header-display":"","site-post-title":"","ast-breadcrumbs-content":"","ast-featured-img":"disabled","footer-sml-layout":"","theme-transparent-header-meta":"enabled","adv-header-id-meta":"","stick-header-meta":"","header-above-stick-meta":"","header-main-stick-meta":"","header-below-stick-meta":""},"uagb_featured_image_src":{"full":false,"thumbnail":false,"medium":false,"medium_large":false,"large":false,"1536x1536":false,"2048x2048":false},"uagb_author_info":{"display_name":"gilberto.ph92","author_link":"https:\/\/modin3d.com\/index.php\/author\/gilberto-ph92\/"},"uagb_comment_info":0,"uagb_excerpt":null,"_links":{"self":[{"href":"https:\/\/modin3d.com\/index.php\/wp-json\/wp\/v2\/pages\/25403"}],"collection":[{"href":"https:\/\/modin3d.com\/index.php\/wp-json\/wp\/v2\/pages"}],"about":[{"href":"https:\/\/modin3d.com\/index.php\/wp-json\/wp\/v2\/types\/page"}],"author":[{"embeddable":true,"href":"https:\/\/modin3d.com\/index.php\/wp-json\/wp\/v2\/users\/1"}],"replies":[{"embeddable":true,"href":"https:\/\/modin3d.com\/index.php\/wp-json\/wp\/v2\/comments?post=25403"}],"version-history":[{"count":24,"href":"https:\/\/modin3d.com\/index.php\/wp-json\/wp\/v2\/pages\/25403\/revisions"}],"predecessor-version":[{"id":26831,"href":"https:\/\/modin3d.com\/index.php\/wp-json\/wp\/v2\/pages\/25403\/revisions\/26831"}],"wp:attachment":[{"href":"https:\/\/modin3d.com\/index.php\/wp-json\/wp\/v2\/media?parent=25403"}],"curies":[{"name":"wp","href":"https:\/\/api.w.org\/{rel}","templated":true}]}}